{"id":2101,"date":"2025-02-17T12:08:31","date_gmt":"2025-02-17T11:08:31","guid":{"rendered":"https:\/\/golfandbeachhotel.it\/servizi\/"},"modified":"2026-04-30T16:47:41","modified_gmt":"2026-04-30T14:47:41","slug":"servizi","status":"publish","type":"page","link":"https:\/\/golfandbeachhotel.it\/de\/servizi\/","title":{"rendered":"Servizi"},"content":{"rendered":"\t\t<div data-elementor-type=\"wp-page\" data-elementor-id=\"2101\" class=\"elementor elementor-2101 elementor-31\">\n\t\t\t\t<div class=\"elementor-element elementor-element-90df640 service-container e-flex e-con-boxed wpr-particle-no wpr-jarallax-no wpr-parallax-no wpr-sticky-section-no e-con e-parent\" data-id=\"90df640\" data-element_type=\"container\">\n\t\t\t\t\t<div class=\"e-con-inner\">\n\t\t\t\t<div class=\"elementor-element elementor-element-aaf359c elementor-widget elementor-widget-heading\" data-id=\"aaf359c\" data-element_type=\"widget\" data-widget_type=\"heading.default\">\n\t\t\t\t<div class=\"elementor-widget-container\">\n\t\t\t\t\t<h2 class=\"elementor-heading-title elementor-size-default\">I nostri Servizi<\/h2>\t\t\t\t<\/div>\n\t\t\t\t<\/div>\n\t\t\t\t<div class=\"elementor-element elementor-element-d38c3b4 elementor-widget elementor-widget-text-editor\" data-id=\"d38c3b4\" data-element_type=\"widget\" data-widget_type=\"text-editor.default\">\n\t\t\t\t<div class=\"elementor-widget-container\">\n\t\t\t\t\t\t\t\t\t<p>Potrai scegliere la formula che pi\u00f9 ti soddisfa, tra <strong>All Inclusive \u2013 Pensione completa \u2013 Mezza pensione e B&amp;B.<\/strong><\/p>\t\t\t\t\t\t\t\t<\/div>\n\t\t\t\t<\/div>\n\t\t<div class=\"elementor-element elementor-element-5095185 e-con-full e-flex wpr-particle-no wpr-jarallax-no wpr-parallax-no wpr-sticky-section-no e-con e-child\" data-id=\"5095185\" data-element_type=\"container\">\n\t\t<div class=\"elementor-element elementor-element-25c3a54 e-con-full e-flex wpr-particle-no wpr-jarallax-no wpr-parallax-no wpr-sticky-section-no e-con e-child\" data-id=\"25c3a54\" data-element_type=\"container\">\n\t\t\t\t<div class=\"elementor-element elementor-element-b8e05d9 elementor-widget elementor-widget-heading\" data-id=\"b8e05d9\" data-element_type=\"widget\" data-widget_type=\"heading.default\">\n\t\t\t\t<div class=\"elementor-widget-container\">\n\t\t\t\t\t<h2 class=\"elementor-heading-title elementor-size-default\">All Inclusive<\/h2>\t\t\t\t<\/div>\n\t\t\t\t<\/div>\n\t\t\t\t<div class=\"elementor-element elementor-element-a6e93a7 elementor-widget elementor-widget-image\" data-id=\"a6e93a7\" data-element_type=\"widget\" data-widget_type=\"image.default\">\n\t\t\t\t<div class=\"elementor-widget-container\">\n\t\t\t\t\t\t\t\t\t\t\t\t\t\t\t<img decoding=\"async\" width=\"128\" height=\"128\" src=\"https:\/\/golfandbeachhotel.it\/wp-content\/uploads\/2025\/02\/all-inclusive.png\" class=\"attachment-large size-large wp-image-1083\" alt=\"\" \/>\t\t\t\t\t\t\t\t\t\t\t\t\t\t\t<\/div>\n\t\t\t\t<\/div>\n\t\t\t\t<div class=\"elementor-element elementor-element-fb93e9c elementor-widget elementor-widget-text-editor\" data-id=\"fb93e9c\" data-element_type=\"widget\" data-widget_type=\"text-editor.default\">\n\t\t\t\t<div class=\"elementor-widget-container\">\n\t\t\t\t\t\t\t\t\t<p class=\"p1\">Spiaggia riservata e pasti inclusi (a scelta tra 3 primi, 3 secondi e ampio buffet + acqua e vino).<\/p>\t\t\t\t\t\t\t\t<\/div>\n\t\t\t\t<\/div>\n\t\t\t\t<\/div>\n\t\t<div class=\"elementor-element elementor-element-332d82d e-con-full e-flex wpr-particle-no wpr-jarallax-no wpr-parallax-no wpr-sticky-section-no e-con e-child\" data-id=\"332d82d\" data-element_type=\"container\">\n\t\t\t\t<div class=\"elementor-element elementor-element-b91310e elementor-widget elementor-widget-heading\" data-id=\"b91310e\" data-element_type=\"widget\" data-widget_type=\"heading.default\">\n\t\t\t\t<div class=\"elementor-widget-container\">\n\t\t\t\t\t<h2 class=\"elementor-heading-title elementor-size-default\">Pensione completa<\/h2>\t\t\t\t<\/div>\n\t\t\t\t<\/div>\n\t\t\t\t<div class=\"elementor-element elementor-element-fa5a16e elementor-widget elementor-widget-image\" data-id=\"fa5a16e\" data-element_type=\"widget\" data-widget_type=\"image.default\">\n\t\t\t\t<div class=\"elementor-widget-container\">\n\t\t\t\t\t\t\t\t\t\t\t\t\t\t\t<img decoding=\"async\" width=\"128\" height=\"128\" src=\"https:\/\/golfandbeachhotel.it\/wp-content\/uploads\/2025\/02\/all-you-can-eat.png\" class=\"attachment-large size-large wp-image-85\" alt=\"\" \/>\t\t\t\t\t\t\t\t\t\t\t\t\t\t\t<\/div>\n\t\t\t\t<\/div>\n\t\t\t\t<div class=\"elementor-element elementor-element-f7dfdd6 elementor-widget elementor-widget-text-editor\" data-id=\"f7dfdd6\" data-element_type=\"widget\" data-widget_type=\"text-editor.default\">\n\t\t\t\t<div class=\"elementor-widget-container\">\n\t\t\t\t\t\t\t\t\t<p class=\"p1\">Pasti inclusi (a scelta tra 3 primi, 3 secondi e ampio buffet + acqua e vino).<\/p>\t\t\t\t\t\t\t\t<\/div>\n\t\t\t\t<\/div>\n\t\t\t\t<\/div>\n\t\t<div class=\"elementor-element elementor-element-319e507 e-con-full e-flex wpr-particle-no wpr-jarallax-no wpr-parallax-no wpr-sticky-section-no e-con e-child\" data-id=\"319e507\" data-element_type=\"container\">\n\t\t\t\t<div class=\"elementor-element elementor-element-91738ca elementor-widget elementor-widget-heading\" data-id=\"91738ca\" data-element_type=\"widget\" data-widget_type=\"heading.default\">\n\t\t\t\t<div class=\"elementor-widget-container\">\n\t\t\t\t\t<h2 class=\"elementor-heading-title elementor-size-default\">Mezza pensione<\/h2>\t\t\t\t<\/div>\n\t\t\t\t<\/div>\n\t\t\t\t<div class=\"elementor-element elementor-element-7fd2e3b elementor-widget elementor-widget-image\" data-id=\"7fd2e3b\" data-element_type=\"widget\" data-widget_type=\"image.default\">\n\t\t\t\t<div class=\"elementor-widget-container\">\n\t\t\t\t\t\t\t\t\t\t\t\t\t\t\t<img decoding=\"async\" width=\"128\" height=\"128\" src=\"https:\/\/golfandbeachhotel.it\/wp-content\/uploads\/2025\/02\/serving-dish.png\" class=\"attachment-large size-large wp-image-87\" alt=\"\" \/>\t\t\t\t\t\t\t\t\t\t\t\t\t\t\t<\/div>\n\t\t\t\t<\/div>\n\t\t\t\t<div class=\"elementor-element elementor-element-c20a9e5 elementor-widget elementor-widget-text-editor\" data-id=\"c20a9e5\" data-element_type=\"widget\" data-widget_type=\"text-editor.default\">\n\t\t\t\t<div class=\"elementor-widget-container\">\n\t\t\t\t\t\t\t\t\t<p class=\"p1\">Goditi una cena in totale tranquillit\u00e0 insieme a noi.<\/p>\t\t\t\t\t\t\t\t<\/div>\n\t\t\t\t<\/div>\n\t\t\t\t<\/div>\n\t\t\t\t<\/div>\n\t\t\t\t<div class=\"elementor-element elementor-element-79aad47 elementor-widget elementor-widget-heading\" data-id=\"79aad47\" data-element_type=\"widget\" data-widget_type=\"heading.default\">\n\t\t\t\t<div class=\"elementor-widget-container\">\n\t\t\t\t\t<h2 class=\"elementor-heading-title elementor-size-default\">Pensato per te<\/h2>\t\t\t\t<\/div>\n\t\t\t\t<\/div>\n\t\t<div class=\"elementor-element elementor-element-2386f22 e-con-full e-flex wpr-particle-no wpr-jarallax-no wpr-parallax-no wpr-sticky-section-no e-con e-child\" data-id=\"2386f22\" data-element_type=\"container\">\n\t\t<div class=\"elementor-element elementor-element-6d93a92 e-con-full e-flex wpr-particle-no wpr-jarallax-no wpr-parallax-no wpr-sticky-section-no e-con e-child\" data-id=\"6d93a92\" data-element_type=\"container\">\n\t\t\t\t<div class=\"elementor-element elementor-element-8b255d8 elementor-widget elementor-widget-heading\" data-id=\"8b255d8\" data-element_type=\"widget\" data-widget_type=\"heading.default\">\n\t\t\t\t<div class=\"elementor-widget-container\">\n\t\t\t\t\t<h2 class=\"elementor-heading-title elementor-size-default\">Piscina riscaldata e Idromassaggio<\/h2>\t\t\t\t<\/div>\n\t\t\t\t<\/div>\n\t\t\t\t<div class=\"elementor-element elementor-element-f239102 elementor-widget elementor-widget-image\" data-id=\"f239102\" data-element_type=\"widget\" data-widget_type=\"image.default\">\n\t\t\t\t<div class=\"elementor-widget-container\">\n\t\t\t\t\t\t\t\t\t\t\t\t\t\t\t<img loading=\"lazy\" decoding=\"async\" width=\"128\" height=\"128\" src=\"https:\/\/golfandbeachhotel.it\/wp-content\/uploads\/2025\/02\/swimming-pool.png\" class=\"attachment-large size-large wp-image-1081\" alt=\"\" \/>\t\t\t\t\t\t\t\t\t\t\t\t\t\t\t<\/div>\n\t\t\t\t<\/div>\n\t\t\t\t<div class=\"elementor-element elementor-element-fd27a10 elementor-widget elementor-widget-text-editor\" data-id=\"fd27a10\" data-element_type=\"widget\" data-widget_type=\"text-editor.default\">\n\t\t\t\t<div class=\"elementor-widget-container\">\n\t\t\t\t\t\t\t\t\tRilassati nelle acque della nostra piscina riscaldata, oppure\ngoditi un momento di benessere nell&#39;idromassaggio, per un&#39;esperienza di puro relax.\t\t\t\t\t\t\t\t<\/div>\n\t\t\t\t<\/div>\n\t\t\t\t<\/div>\n\t\t<div class=\"elementor-element elementor-element-8caee10 e-con-full e-flex wpr-particle-no wpr-jarallax-no wpr-parallax-no wpr-sticky-section-no e-con e-child\" data-id=\"8caee10\" data-element_type=\"container\">\n\t\t\t\t<div class=\"elementor-element elementor-element-c275196 elementor-widget elementor-widget-heading\" data-id=\"c275196\" data-element_type=\"widget\" data-widget_type=\"heading.default\">\n\t\t\t\t<div class=\"elementor-widget-container\">\n\t\t\t\t\t<h2 class=\"elementor-heading-title elementor-size-default\">Ampio parcheggio interno<\/h2>\t\t\t\t<\/div>\n\t\t\t\t<\/div>\n\t\t\t\t<div class=\"elementor-element elementor-element-f7b6c57 elementor-widget elementor-widget-image\" data-id=\"f7b6c57\" data-element_type=\"widget\" data-widget_type=\"image.default\">\n\t\t\t\t<div class=\"elementor-widget-container\">\n\t\t\t\t\t\t\t\t\t\t\t\t\t\t\t<img loading=\"lazy\" decoding=\"async\" width=\"128\" height=\"128\" src=\"https:\/\/golfandbeachhotel.it\/wp-content\/uploads\/2025\/02\/parking.png\" class=\"attachment-large size-large wp-image-1080\" alt=\"\" \/>\t\t\t\t\t\t\t\t\t\t\t\t\t\t\t<\/div>\n\t\t\t\t<\/div>\n\t\t\t\t<div class=\"elementor-element elementor-element-c3d857e elementor-widget elementor-widget-text-editor\" data-id=\"c3d857e\" data-element_type=\"widget\" data-widget_type=\"text-editor.default\">\n\t\t\t\t<div class=\"elementor-widget-container\">\n\t\t\t\t\t\t\t\t\tApprofitta della comodit\u00e0 del nostro ampio parcheggio interno, per\nuna sosta sicura e senza stress.\t\t\t\t\t\t\t\t<\/div>\n\t\t\t\t<\/div>\n\t\t\t\t<\/div>\n\t\t<div class=\"elementor-element elementor-element-98fe6f5 e-con-full e-flex wpr-particle-no wpr-jarallax-no wpr-parallax-no wpr-sticky-section-no e-con e-child\" data-id=\"98fe6f5\" data-element_type=\"container\">\n\t\t\t\t<div class=\"elementor-element elementor-element-5869ee0 elementor-widget elementor-widget-heading\" data-id=\"5869ee0\" data-element_type=\"widget\" data-widget_type=\"heading.default\">\n\t\t\t\t<div class=\"elementor-widget-container\">\n\t\t\t\t\t<h2 class=\"elementor-heading-title elementor-size-default\">Animali ammessi su richiesta<\/h2>\t\t\t\t<\/div>\n\t\t\t\t<\/div>\n\t\t\t\t<div class=\"elementor-element elementor-element-882d409 elementor-widget elementor-widget-image\" data-id=\"882d409\" data-element_type=\"widget\" data-widget_type=\"image.default\">\n\t\t\t\t<div class=\"elementor-widget-container\">\n\t\t\t\t\t\t\t\t\t\t\t\t\t\t\t<img loading=\"lazy\" decoding=\"async\" width=\"128\" height=\"128\" src=\"https:\/\/golfandbeachhotel.it\/wp-content\/uploads\/2025\/02\/walk-the-pet.png\" class=\"attachment-large size-large wp-image-1082\" alt=\"\" \/>\t\t\t\t\t\t\t\t\t\t\t\t\t\t\t<\/div>\n\t\t\t\t<\/div>\n\t\t\t\t<div class=\"elementor-element elementor-element-2809d1f elementor-widget elementor-widget-text-editor\" data-id=\"2809d1f\" data-element_type=\"widget\" data-widget_type=\"text-editor.default\">\n\t\t\t\t<div class=\"elementor-widget-container\">\n\t\t\t\t\t\t\t\t\tPerch\u00e9 anche il tuo amico a quattro zampe merita una vacanza,\naccogliamo animali su richiesta, rendendo il soggiorno ancora pi\u00f9 speciale.\t\t\t\t\t\t\t\t<\/div>\n\t\t\t\t<\/div>\n\t\t\t\t<\/div>\n\t\t<div class=\"elementor-element elementor-element-484393d e-con-full e-flex wpr-particle-no wpr-jarallax-no wpr-parallax-no wpr-sticky-section-no e-con e-child\" data-id=\"484393d\" data-element_type=\"container\">\n\t\t\t\t<div class=\"elementor-element elementor-element-5e79407 elementor-widget elementor-widget-heading\" data-id=\"5e79407\" data-element_type=\"widget\" data-widget_type=\"heading.default\">\n\t\t\t\t<div class=\"elementor-widget-container\">\n\t\t\t\t\t<h2 class=\"elementor-heading-title elementor-size-default\">Servizio Spiaggia<\/h2>\t\t\t\t<\/div>\n\t\t\t\t<\/div>\n\t\t\t\t<div class=\"elementor-element elementor-element-e8a5b9f elementor-widget elementor-widget-image\" data-id=\"e8a5b9f\" data-element_type=\"widget\" data-widget_type=\"image.default\">\n\t\t\t\t<div class=\"elementor-widget-container\">\n\t\t\t\t\t\t\t\t\t\t\t\t\t\t\t<img loading=\"lazy\" decoding=\"async\" width=\"128\" height=\"128\" src=\"https:\/\/golfandbeachhotel.it\/wp-content\/uploads\/2025\/02\/vacations-1.png\" class=\"attachment-large size-large wp-image-86\" alt=\"\" \/>\t\t\t\t\t\t\t\t\t\t\t\t\t\t\t<\/div>\n\t\t\t\t<\/div>\n\t\t\t\t<div class=\"elementor-element elementor-element-7fb4f39 elementor-widget elementor-widget-text-editor\" data-id=\"7fb4f39\" data-element_type=\"widget\" data-widget_type=\"text-editor.default\">\n\t\t\t\t<div class=\"elementor-widget-container\">\n\t\t\t\t\t\t\t\t\tGoditi la bellezza della costa con il nostro comodo servizio spiaggia, pensato per\nrendere il tuo tempo al mare ancora pi\u00f9 piacevole.\t\t\t\t\t\t\t\t<\/div>\n\t\t\t\t<\/div>\n\t\t\t\t<\/div>\n\t\t\t\t<\/div>\n\t\t\t\t<div class=\"elementor-element elementor-element-1b55438 elementor-align-center elementor-widget elementor-widget-button\" data-id=\"1b55438\" data-element_type=\"widget\" data-widget_type=\"button.default\">\n\t\t\t\t<div class=\"elementor-widget-container\">\n\t\t\t\t\t\t\t\t\t<div class=\"elementor-button-wrapper\">\n\t\t\t\t\t<a class=\"elementor-button elementor-button-link elementor-size-sm\" href=\"\/richiedi-preventivo\">\n\t\t\t\t\t\t<span class=\"elementor-button-content-wrapper\">\n\t\t\t\t\t\t\t\t\t<span class=\"elementor-button-text\">Richiedi Preventivo<\/span>\n\t\t\t\t\t<\/span>\n\t\t\t\t\t<\/a>\n\t\t\t\t<\/div>\n\t\t\t\t\t\t\t\t<\/div>\n\t\t\t\t<\/div>\n\t\t\t\t\t<\/div>\n\t\t\t\t<\/div>\n\t\t\t\t<\/div>\n\t\t","protected":false},"excerpt":{"rendered":"<p>I nostri Servizi Potrai scegliere la formula che pi\u00f9 ti soddisfa, tra All Inclusive \u2013 Pensione completa \u2013 Mezza pensione e B&amp;B. All Inclusive Spiaggia riservata e pasti inclusi (a scelta tra 3 primi, 3 secondi e ampio buffet + acqua e vino). Pensione completa Pasti inclusi (a scelta tra 3 primi, 3 secondi e ampio buffet + acqua e vino). Mezza pensione Goditi una cena in totale tranquillit\u00e0 insieme a noi. Pensato per te Piscina riscaldata e Idromassaggio Rilassati nelle acque della nostra piscina riscaldata, oppure goditi un momento di benessere nell&#39;idromassaggio, per un&#39;esperienza di puro relax. Ampio parcheggio interno Approfitta della comodit\u00e0 del nostro ampio parcheggio interno, per una sosta sicura e senza stress. Animali ammessi su richiesta Perch\u00e9 anche il tuo amico a quattro zampe merita una vacanza, accogliamo animali su richiesta, rendendo il soggiorno ancora pi\u00f9 speciale. Servizio Spiaggia Goditi la bellezza della costa con il nostro comodo servizio spiaggia, pensato per rendere il tuo tempo al mare ancora pi\u00f9 piacevole. Richiedi Preventivo<\/p>\n","protected":false},"author":1,"featured_media":0,"parent":0,"menu_order":0,"comment_status":"closed","ping_status":"closed","template":"","meta":{"footnotes":""},"class_list":["post-2101","page","type-page","status-publish","hentry"],"_links":{"self":[{"href":"https:\/\/golfandbeachhotel.it\/de\/wp-json\/wp\/v2\/pages\/2101","targetHints":{"allow":["GET"]}}],"collection":[{"href":"https:\/\/golfandbeachhotel.it\/de\/wp-json\/wp\/v2\/pages"}],"about":[{"href":"https:\/\/golfandbeachhotel.it\/de\/wp-json\/wp\/v2\/types\/page"}],"author":[{"embeddable":true,"href":"https:\/\/golfandbeachhotel.it\/de\/wp-json\/wp\/v2\/users\/1"}],"replies":[{"embeddable":true,"href":"https:\/\/golfandbeachhotel.it\/de\/wp-json\/wp\/v2\/comments?post=2101"}],"version-history":[{"count":8,"href":"https:\/\/golfandbeachhotel.it\/de\/wp-json\/wp\/v2\/pages\/2101\/revisions"}],"predecessor-version":[{"id":4241,"href":"https:\/\/golfandbeachhotel.it\/de\/wp-json\/wp\/v2\/pages\/2101\/revisions\/4241"}],"wp:attachment":[{"href":"https:\/\/golfandbeachhotel.it\/de\/wp-json\/wp\/v2\/media?parent=2101"}],"curies":[{"name":"wp","href":"https:\/\/api.w.org\/{rel}","templated":true}]}}