{"id":2099,"date":"2025-02-17T12:07:15","date_gmt":"2025-02-17T11:07:15","guid":{"rendered":"https:\/\/golfandbeachhotel.it\/ristorazione\/"},"modified":"2025-03-11T17:08:52","modified_gmt":"2025-03-11T16:08:52","slug":"ristorazione","status":"publish","type":"page","link":"https:\/\/golfandbeachhotel.it\/de\/ristorazione\/","title":{"rendered":"Restaurant"},"content":{"rendered":"\t\t<div data-elementor-type=\"wp-page\" data-elementor-id=\"2099\" class=\"elementor elementor-2099 elementor-18\">\n\t\t\t\t<div class=\"elementor-element elementor-element-9765433 e-flex e-con-boxed wpr-particle-no wpr-jarallax-no wpr-parallax-no wpr-sticky-section-no e-con e-parent\" data-id=\"9765433\" data-element_type=\"container\" data-settings=\"{&quot;background_background&quot;:&quot;classic&quot;}\">\n\t\t\t\t\t<div class=\"e-con-inner\">\n\t\t\t\t\t<\/div>\n\t\t\t\t<\/div>\n\t\t<div class=\"elementor-element elementor-element-9d7a1ad service-container e-flex e-con-boxed wpr-particle-no wpr-jarallax-no wpr-parallax-no wpr-sticky-section-no e-con e-parent\" data-id=\"9d7a1ad\" data-element_type=\"container\">\n\t\t\t\t\t<div class=\"e-con-inner\">\n\t\t\t\t<div class=\"elementor-element elementor-element-0b7a56d elementor-widget elementor-widget-heading\" data-id=\"0b7a56d\" data-element_type=\"widget\" data-widget_type=\"heading.default\">\n\t\t\t\t<div class=\"elementor-widget-container\">\n\t\t\t\t\t<h2 class=\"elementor-heading-title elementor-size-default\">Unser Restaurant<\/h2>\t\t\t\t<\/div>\n\t\t\t\t<\/div>\n\t\t\t\t<div class=\"elementor-element elementor-element-b8d8ae9 elementor-widget elementor-widget-text-editor\" data-id=\"b8d8ae9\" data-element_type=\"widget\" data-widget_type=\"text-editor.default\">\n\t\t\t\t<div class=\"elementor-widget-container\">\n\t\t\t\t\t\t\t\t\tIm Golf&#038;Beach erz\u00e4hlt jedes Gericht eine Geschichte authentischer Aromen der Romagna, zubereitet mit\nfrischen, hochwertigen Zutaten.\t\t\t\t\t\t\t\t<\/div>\n\t\t\t\t<\/div>\n\t\t\t\t<div class=\"elementor-element elementor-element-d7d3e1d elementor-widget elementor-widget-html\" data-id=\"d7d3e1d\" data-element_type=\"widget\" data-widget_type=\"html.default\">\n\t\t\t\t<div class=\"elementor-widget-container\">\n\t\t\t\t\t<style>\n    .bgwhite{\n        background: #fff;\n        border-radius: 8px;\n    }\n<\/style>\t\t\t\t<\/div>\n\t\t\t\t<\/div>\n\t\t\t\t\t<\/div>\n\t\t\t\t<\/div>\n\t\t<div class=\"elementor-element elementor-element-3665dea e-flex e-con-boxed wpr-particle-no wpr-jarallax-no wpr-parallax-no wpr-sticky-section-no e-con e-parent\" data-id=\"3665dea\" data-element_type=\"container\" data-settings=\"{&quot;background_background&quot;:&quot;classic&quot;}\">\n\t\t\t\t\t<div class=\"e-con-inner\">\n\t\t<div class=\"elementor-element elementor-element-b1b24d1 piscina-container e-con-full e-flex wpr-particle-no wpr-jarallax-no wpr-parallax-no wpr-sticky-section-no e-con e-child\" data-id=\"b1b24d1\" data-element_type=\"container\" data-settings=\"{&quot;background_background&quot;:&quot;classic&quot;}\">\n\t\t<div class=\"elementor-element elementor-element-4e7088c e-con-full e-flex wpr-particle-no wpr-jarallax-no wpr-parallax-no wpr-sticky-section-no e-con e-child\" data-id=\"4e7088c\" data-element_type=\"container\" data-settings=\"{&quot;background_background&quot;:&quot;classic&quot;}\">\n\t\t\t\t<div class=\"elementor-element elementor-element-b03f189 bgwhite elementor-widget elementor-widget-text-editor\" data-id=\"b03f189\" data-element_type=\"widget\" data-widget_type=\"text-editor.default\">\n\t\t\t\t<div class=\"elementor-widget-container\">\n\t\t\t\t\t\t\t\t\tDie einladende und entspannte Atmosph\u00e4re unseres Restaurants ist der ideale Ort, um diese K\u00f6stlichkeiten zu genie\u00dfen, eingebettet in einen herrlichen Blick auf das Meer, der jeden Moment zu etwas ganz Besonderem macht.\t\t\t\t\t\t\t\t<\/div>\n\t\t\t\t<\/div>\n\t\t\t\t<\/div>\n\t\t<div class=\"elementor-element elementor-element-d5780e5 e-con-full e-flex wpr-particle-no wpr-jarallax-no wpr-parallax-no wpr-sticky-section-no e-con e-child\" data-id=\"d5780e5\" data-element_type=\"container\">\n\t\t\t\t<div class=\"elementor-element elementor-element-997531f elementor-widget elementor-widget-image\" data-id=\"997531f\" data-element_type=\"widget\" data-widget_type=\"image.default\">\n\t\t\t\t<div class=\"elementor-widget-container\">\n\t\t\t\t\t\t\t\t\t\t\t\t\t\t\t<img fetchpriority=\"high\" decoding=\"async\" width=\"648\" height=\"864\" src=\"https:\/\/golfandbeachhotel.it\/wp-content\/uploads\/2025\/02\/colazione-in-giaridno-Golf-Beach-Hotel-BB-Milano-Marittima.jpg\" class=\"attachment-large size-large wp-image-878\" alt=\"\" srcset=\"https:\/\/golfandbeachhotel.it\/wp-content\/uploads\/2025\/02\/colazione-in-giaridno-Golf-Beach-Hotel-BB-Milano-Marittima.jpg 648w, https:\/\/golfandbeachhotel.it\/wp-content\/uploads\/2025\/02\/colazione-in-giaridno-Golf-Beach-Hotel-BB-Milano-Marittima-225x300.jpg 225w\" sizes=\"(max-width: 648px) 100vw, 648px\" \/>\t\t\t\t\t\t\t\t\t\t\t\t\t\t\t<\/div>\n\t\t\t\t<\/div>\n\t\t\t\t<\/div>\n\t\t\t\t<\/div>\n\t\t<div class=\"elementor-element elementor-element-791a67f piscina-container e-con-full e-flex wpr-particle-no wpr-jarallax-no wpr-parallax-no wpr-sticky-section-no e-con e-child\" data-id=\"791a67f\" data-element_type=\"container\" data-settings=\"{&quot;background_background&quot;:&quot;classic&quot;}\">\n\t\t<div class=\"elementor-element elementor-element-713aea2 e-con-full e-flex wpr-particle-no wpr-jarallax-no wpr-parallax-no wpr-sticky-section-no e-con e-child\" data-id=\"713aea2\" data-element_type=\"container\">\n\t\t\t\t<div class=\"elementor-element elementor-element-2a10084 elementor-widget elementor-widget-image\" data-id=\"2a10084\" data-element_type=\"widget\" data-widget_type=\"image.default\">\n\t\t\t\t<div class=\"elementor-widget-container\">\n\t\t\t\t\t\t\t\t\t\t\t\t\t\t\t<img decoding=\"async\" width=\"800\" height=\"533\" src=\"https:\/\/golfandbeachhotel.it\/wp-content\/uploads\/2025\/02\/food-1024x682.jpg\" class=\"attachment-large size-large wp-image-959\" alt=\"\" srcset=\"https:\/\/golfandbeachhotel.it\/wp-content\/uploads\/2025\/02\/food-1024x682.jpg 1024w, https:\/\/golfandbeachhotel.it\/wp-content\/uploads\/2025\/02\/food-300x200.jpg 300w, https:\/\/golfandbeachhotel.it\/wp-content\/uploads\/2025\/02\/food-768x512.jpg 768w, https:\/\/golfandbeachhotel.it\/wp-content\/uploads\/2025\/02\/food.jpg 1280w\" sizes=\"(max-width: 800px) 100vw, 800px\" \/>\t\t\t\t\t\t\t\t\t\t\t\t\t\t\t<\/div>\n\t\t\t\t<\/div>\n\t\t\t\t<\/div>\n\t\t<div class=\"elementor-element elementor-element-6373247 e-con-full e-flex wpr-particle-no wpr-jarallax-no wpr-parallax-no wpr-sticky-section-no e-con e-child\" data-id=\"6373247\" data-element_type=\"container\">\n\t\t\t\t<div class=\"elementor-element elementor-element-ff03616 bgwhite elementor-widget elementor-widget-text-editor\" data-id=\"ff03616\" data-element_type=\"widget\" data-widget_type=\"text-editor.default\">\n\t\t\t\t<div class=\"elementor-widget-container\">\n\t\t\t\t\t\t\t\t\tLassen Sie sich von der Ruhe des Panoramas umh\u00fcllen und genie\u00dfen Sie gleichzeitig ein einzigartiges kulinarisches Erlebnis, bei dem Tradition und Geschmack im Mittelpunkt stehen.\t\t\t\t\t\t\t\t<\/div>\n\t\t\t\t<\/div>\n\t\t\t\t<\/div>\n\t\t\t\t<\/div>\n\t\t\t\t\t<\/div>\n\t\t\t\t<\/div>\n\t\t\t\t<\/div>\n\t\t","protected":false},"excerpt":{"rendered":"<p>Unser Restaurant Im Golf&#038;Beach erz\u00e4hlt jedes Gericht eine Geschichte authentischer Aromen der Romagna, zubereitet mit frischen, hochwertigen Zutaten. Die einladende und entspannte Atmosph\u00e4re unseres Restaurants ist der ideale Ort, um diese K\u00f6stlichkeiten zu genie\u00dfen, eingebettet in einen herrlichen Blick auf das Meer, der jeden Moment zu etwas ganz Besonderem macht. Lassen Sie sich von der Ruhe des Panoramas umh\u00fcllen und genie\u00dfen Sie gleichzeitig ein einzigartiges kulinarisches Erlebnis, bei dem Tradition und Geschmack im Mittelpunkt stehen.<\/p>\n","protected":false},"author":1,"featured_media":0,"parent":0,"menu_order":0,"comment_status":"closed","ping_status":"closed","template":"","meta":{"footnotes":""},"class_list":["post-2099","page","type-page","status-publish","hentry"],"_links":{"self":[{"href":"https:\/\/golfandbeachhotel.it\/de\/wp-json\/wp\/v2\/pages\/2099","targetHints":{"allow":["GET"]}}],"collection":[{"href":"https:\/\/golfandbeachhotel.it\/de\/wp-json\/wp\/v2\/pages"}],"about":[{"href":"https:\/\/golfandbeachhotel.it\/de\/wp-json\/wp\/v2\/types\/page"}],"author":[{"embeddable":true,"href":"https:\/\/golfandbeachhotel.it\/de\/wp-json\/wp\/v2\/users\/1"}],"replies":[{"embeddable":true,"href":"https:\/\/golfandbeachhotel.it\/de\/wp-json\/wp\/v2\/comments?post=2099"}],"version-history":[{"count":4,"href":"https:\/\/golfandbeachhotel.it\/de\/wp-json\/wp\/v2\/pages\/2099\/revisions"}],"predecessor-version":[{"id":2271,"href":"https:\/\/golfandbeachhotel.it\/de\/wp-json\/wp\/v2\/pages\/2099\/revisions\/2271"}],"wp:attachment":[{"href":"https:\/\/golfandbeachhotel.it\/de\/wp-json\/wp\/v2\/media?parent=2099"}],"curies":[{"name":"wp","href":"https:\/\/api.w.org\/{rel}","templated":true}]}}