{"id":2089,"date":"2025-02-19T11:06:54","date_gmt":"2025-02-19T10:06:54","guid":{"rendered":"https:\/\/golfandbeachhotel.it\/convenzioni\/"},"modified":"2025-03-11T17:18:00","modified_gmt":"2025-03-11T16:18:00","slug":"convenzioni","status":"publish","type":"page","link":"https:\/\/golfandbeachhotel.it\/de\/convenzioni\/","title":{"rendered":"Konventionen"},"content":{"rendered":"\t\t<div data-elementor-type=\"wp-page\" data-elementor-id=\"2089\" class=\"elementor elementor-2089 elementor-417\">\n\t\t\t\t<div class=\"elementor-element elementor-element-9e79a48 e-flex e-con-boxed wpr-particle-no wpr-jarallax-no wpr-parallax-no wpr-sticky-section-no e-con e-parent\" data-id=\"9e79a48\" data-element_type=\"container\">\n\t\t\t\t\t<div class=\"e-con-inner\">\n\t\t\t\t<div class=\"elementor-element elementor-element-0f68b08 elementor-widget elementor-widget-heading\" data-id=\"0f68b08\" data-element_type=\"widget\" data-widget_type=\"heading.default\">\n\t\t\t\t<div class=\"elementor-widget-container\">\n\t\t\t\t\t<h2 class=\"elementor-heading-title elementor-size-default\">Unsere Konventionen<\/h2>\t\t\t\t<\/div>\n\t\t\t\t<\/div>\n\t\t\t\t<div class=\"elementor-element elementor-element-d1ca37a elementor-widget elementor-widget-text-editor\" data-id=\"d1ca37a\" data-element_type=\"widget\" data-widget_type=\"text-editor.default\">\n\t\t\t\t<div class=\"elementor-widget-container\">\n\t\t\t\t\t\t\t\t\t<p>Wir haben Vereinbarungen mit Sportanlagen (wie Tennis und Golf), Thermalb\u00e4dern und Str\u00e4nden, um Ihnen einen kompletten Urlaub voller M\u00f6glichkeiten zu bieten.<br \/>Sie k\u00f6nnen faszinierende Orte erkunden wie das Schmetterlingshaus, entdecken Sie den Zauber einer mittelalterlichen Burg oder erleben Sie viele andere einzigartige Erlebnisse.<br \/>Dank dieser Partnerschaften garantieren wir Ihnen Zugang zu exklusiven Dienstleistungen und besonderen Vorteilen, um Ihren Aufenthalt noch angenehmer zu gestalten.<br \/>Ob Sie in Thermalb\u00e4dern entspannen, Sport treiben, den Strand genie\u00dfen oder unvergessliche Abenteuer erleben m\u00f6chten, bei uns finden Sie immer die besten Angebote in Reichweite.<\/p>\t\t\t\t\t\t\t\t<\/div>\n\t\t\t\t<\/div>\n\t\t\t\t\t<\/div>\n\t\t\t\t<\/div>\n\t\t<div class=\"elementor-element elementor-element-949ca82 e-flex e-con-boxed wpr-particle-no wpr-jarallax-no wpr-parallax-no wpr-sticky-section-no e-con e-parent\" data-id=\"949ca82\" data-element_type=\"container\" data-settings=\"{&quot;background_background&quot;:&quot;classic&quot;}\">\n\t\t\t\t\t<div class=\"e-con-inner\">\n\t\t\t\t<div class=\"elementor-element elementor-element-0f7213c elementor-widget elementor-widget-heading\" data-id=\"0f7213c\" data-element_type=\"widget\" data-widget_type=\"heading.default\">\n\t\t\t\t<div class=\"elementor-widget-container\">\n\t\t\t\t\t<h2 class=\"elementor-heading-title elementor-size-default\">Str\u00e4nde<\/h2>\t\t\t\t<\/div>\n\t\t\t\t<\/div>\n\t\t\t\t\t<\/div>\n\t\t\t\t<\/div>\n\t\t<div class=\"elementor-element elementor-element-487f844 e-flex e-con-boxed wpr-particle-no wpr-jarallax-no wpr-parallax-no wpr-sticky-section-no e-con e-parent\" data-id=\"487f844\" data-element_type=\"container\">\n\t\t\t\t\t<div class=\"e-con-inner\">\n\t\t<div class=\"elementor-element elementor-element-0b573c0 e-con-full e-flex wpr-particle-no wpr-jarallax-no wpr-parallax-no wpr-sticky-section-no e-con e-child\" data-id=\"0b573c0\" data-element_type=\"container\" data-settings=\"{&quot;background_background&quot;:&quot;classic&quot;}\">\n\t\t\t\t<div class=\"elementor-element elementor-element-0bc2fc4 elementor-widget elementor-widget-heading\" data-id=\"0bc2fc4\" data-element_type=\"widget\" data-widget_type=\"heading.default\">\n\t\t\t\t<div class=\"elementor-widget-container\">\n\t\t\t\t\t<h2 class=\"elementor-heading-title elementor-size-default\">Sport<\/h2>\t\t\t\t<\/div>\n\t\t\t\t<\/div>\n\t\t\t\t<\/div>\n\t\t<div class=\"elementor-element elementor-element-a1d29bc e-con-full e-flex wpr-particle-no wpr-jarallax-no wpr-parallax-no wpr-sticky-section-no e-con e-child\" data-id=\"a1d29bc\" data-element_type=\"container\" data-settings=\"{&quot;background_background&quot;:&quot;classic&quot;}\">\n\t\t\t\t<div class=\"elementor-element elementor-element-6adaca4 elementor-widget elementor-widget-heading\" data-id=\"6adaca4\" data-element_type=\"widget\" data-widget_type=\"heading.default\">\n\t\t\t\t<div class=\"elementor-widget-container\">\n\t\t\t\t\t<h2 class=\"elementor-heading-title elementor-size-default\">Parks und Vergn\u00fcgungen<\/h2>\t\t\t\t<\/div>\n\t\t\t\t<\/div>\n\t\t\t\t<\/div>\n\t\t\t\t\t<\/div>\n\t\t\t\t<\/div>\n\t\t\t\t<\/div>\n\t\t","protected":false},"excerpt":{"rendered":"<p>Unsere Konventionen Wir haben Vereinbarungen mit Sportanlagen (wie Tennis und Golf), Thermalb\u00e4dern und Str\u00e4nden, um Ihnen einen kompletten Urlaub voller M\u00f6glichkeiten zu bieten.Sie k\u00f6nnen faszinierende Orte erkunden wie das Schmetterlingshaus, entdecken Sie den Zauber einer mittelalterlichen Burg oder erleben Sie viele andere einzigartige Erlebnisse.Dank dieser Partnerschaften garantieren wir Ihnen Zugang zu exklusiven Dienstleistungen und besonderen Vorteilen, um Ihren Aufenthalt noch angenehmer zu gestalten.Ob Sie in Thermalb\u00e4dern entspannen, Sport treiben, den Strand genie\u00dfen oder unvergessliche Abenteuer erleben m\u00f6chten, bei uns finden Sie immer die besten Angebote in Reichweite. Str\u00e4nde Sport Parks und Vergn\u00fcgungen<\/p>\n","protected":false},"author":1,"featured_media":0,"parent":0,"menu_order":0,"comment_status":"closed","ping_status":"closed","template":"","meta":{"footnotes":""},"class_list":["post-2089","page","type-page","status-publish","hentry"],"_links":{"self":[{"href":"https:\/\/golfandbeachhotel.it\/de\/wp-json\/wp\/v2\/pages\/2089","targetHints":{"allow":["GET"]}}],"collection":[{"href":"https:\/\/golfandbeachhotel.it\/de\/wp-json\/wp\/v2\/pages"}],"about":[{"href":"https:\/\/golfandbeachhotel.it\/de\/wp-json\/wp\/v2\/types\/page"}],"author":[{"embeddable":true,"href":"https:\/\/golfandbeachhotel.it\/de\/wp-json\/wp\/v2\/users\/1"}],"replies":[{"embeddable":true,"href":"https:\/\/golfandbeachhotel.it\/de\/wp-json\/wp\/v2\/comments?post=2089"}],"version-history":[{"count":4,"href":"https:\/\/golfandbeachhotel.it\/de\/wp-json\/wp\/v2\/pages\/2089\/revisions"}],"predecessor-version":[{"id":2277,"href":"https:\/\/golfandbeachhotel.it\/de\/wp-json\/wp\/v2\/pages\/2089\/revisions\/2277"}],"wp:attachment":[{"href":"https:\/\/golfandbeachhotel.it\/de\/wp-json\/wp\/v2\/media?parent=2089"}],"curies":[{"name":"wp","href":"https:\/\/api.w.org\/{rel}","templated":true}]}}